{"id":43,"date":"2024-03-17T19:25:54","date_gmt":"2024-03-17T18:25:54","guid":{"rendered":"https:\/\/tuarteunico.com\/?post_type=product&#038;p=43"},"modified":"2024-04-16T23:28:09","modified_gmt":"2024-04-16T21:28:09","slug":"pajaros-del-paraiso","status":"publish","type":"product","link":"https:\/\/tuarteunico.com\/index.php\/product\/pajaros-del-paraiso\/","title":{"rendered":"P\u00e1jaros del Para\u00edso"},"content":{"rendered":"<p><strong>100 x 100 cm<\/strong><\/p>\n<p><strong>Acr\u00edlico sobre lienzo<\/strong><\/p>\n<p>&nbsp;<\/p>\n<p>Extraordinaria obra maestra monumental.<\/p>\n<p>Sobre un fondo de arco iris de tonos pastel emergen dos p\u00e1jaros tropicales con un colorido plumaje y con cuerpos calados con motivos florales como si los llevaran tatuados.<\/p>\n<p>Una obra que impresiona al contemplarla por su viveza y colorido que trasmiten paz, alegr\u00eda, colorido, elegancia y sutileza.<\/p>\n<p>Una obra para disfrutarla en cualquier momento.<\/p>\n","protected":false},"excerpt":{"rendered":"<p>Sobre un fondo de arco iris de tonos pastel emergen dos p\u00e1jaros tropicales con un colorido plumaje y con cuerpos calados con motivos florales como si los llevaran tatuados.<\/p>\n","protected":false},"featured_media":32,"comment_status":"closed","ping_status":"closed","template":"","meta":{"_monsterinsights_skip_tracking":false,"_monsterinsights_sitenote_active":false,"_monsterinsights_sitenote_note":"","_monsterinsights_sitenote_category":0},"product_cat":[15],"product_tag":[28],"yoast_head":"<!-- This site is optimized with the Yoast SEO plugin v22.6 - https:\/\/yoast.com\/wordpress\/plugins\/seo\/ -->\n<title>P\u00e1jaros del Para\u00edso - Tu arte unico<\/title>\n<meta name=\"description\" content=\"Sobre un fondo de arco iris de tonos pastel emergen dos p\u00e1jaros tropicales con un colorido plumaje y con cuerpos calados con motivos florales como si los llevaran tatuados.\" \/>\n<meta name=\"robots\" content=\"index, follow, max-snippet:-1, max-image-preview:large, max-video-preview:-1\" \/>\n<link rel=\"canonical\" href=\"https:\/\/tuarteunico.com\/index.php\/product\/pajaros-del-paraiso\/\" \/>\n<meta property=\"og:locale\" content=\"es_ES\" \/>\n<meta property=\"og:type\" content=\"article\" \/>\n<meta property=\"og:title\" content=\"P\u00e1jaros del Para\u00edso - Tu arte unico\" \/>\n<meta property=\"og:description\" content=\"Sobre un fondo de arco iris de tonos pastel emergen dos p\u00e1jaros tropicales con un colorido plumaje y con cuerpos calados con motivos florales como si los llevaran tatuados.\" \/>\n<meta property=\"og:url\" content=\"https:\/\/tuarteunico.com\/index.php\/product\/pajaros-del-paraiso\/\" \/>\n<meta property=\"og:site_name\" content=\"Tu arte unico\" \/>\n<meta property=\"article:modified_time\" content=\"2024-04-16T21:28:09+00:00\" \/>\n<meta property=\"og:image\" content=\"https:\/\/tuarteunico.com\/wp-content\/uploads\/2024\/03\/PAJAROS-DEL-PARAISO-100-x-100cm-scaled.jpg\" \/>\n\t<meta property=\"og:image:width\" content=\"2513\" \/>\n\t<meta property=\"og:image:height\" content=\"2560\" \/>\n\t<meta property=\"og:image:type\" content=\"image\/jpeg\" \/>\n<meta name=\"twitter:card\" content=\"summary_large_image\" \/>\n<meta name=\"twitter:label1\" content=\"Tiempo de lectura\" \/>\n\t<meta name=\"twitter:data1\" content=\"1 minuto\" \/>\n<script type=\"application\/ld+json\" class=\"yoast-schema-graph\">{\"@context\":\"https:\/\/schema.org\",\"@graph\":[{\"@type\":\"WebPage\",\"@id\":\"https:\/\/tuarteunico.com\/index.php\/product\/pajaros-del-paraiso\/\",\"url\":\"https:\/\/tuarteunico.com\/index.php\/product\/pajaros-del-paraiso\/\",\"name\":\"P\u00e1jaros del Para\u00edso - Tu arte unico\",\"isPartOf\":{\"@id\":\"https:\/\/tuarteunico.com\/#website\"},\"primaryImageOfPage\":{\"@id\":\"https:\/\/tuarteunico.com\/index.php\/product\/pajaros-del-paraiso\/#primaryimage\"},\"image\":{\"@id\":\"https:\/\/tuarteunico.com\/index.php\/product\/pajaros-del-paraiso\/#primaryimage\"},\"thumbnailUrl\":\"https:\/\/tuarteunico.com\/wp-content\/uploads\/2024\/03\/PAJAROS-DEL-PARAISO-100-x-100cm-scaled.jpg\",\"datePublished\":\"2024-03-17T18:25:54+00:00\",\"dateModified\":\"2024-04-16T21:28:09+00:00\",\"description\":\"Sobre un fondo de arco iris de tonos pastel emergen dos p\u00e1jaros tropicales con un colorido plumaje y con cuerpos calados con motivos florales como si los llevaran tatuados.\",\"breadcrumb\":{\"@id\":\"https:\/\/tuarteunico.com\/index.php\/product\/pajaros-del-paraiso\/#breadcrumb\"},\"inLanguage\":\"es\",\"potentialAction\":[{\"@type\":\"ReadAction\",\"target\":[\"https:\/\/tuarteunico.com\/index.php\/product\/pajaros-del-paraiso\/\"]}]},{\"@type\":\"ImageObject\",\"inLanguage\":\"es\",\"@id\":\"https:\/\/tuarteunico.com\/index.php\/product\/pajaros-del-paraiso\/#primaryimage\",\"url\":\"https:\/\/tuarteunico.com\/wp-content\/uploads\/2024\/03\/PAJAROS-DEL-PARAISO-100-x-100cm-scaled.jpg\",\"contentUrl\":\"https:\/\/tuarteunico.com\/wp-content\/uploads\/2024\/03\/PAJAROS-DEL-PARAISO-100-x-100cm-scaled.jpg\",\"width\":2513,\"height\":2560},{\"@type\":\"BreadcrumbList\",\"@id\":\"https:\/\/tuarteunico.com\/index.php\/product\/pajaros-del-paraiso\/#breadcrumb\",\"itemListElement\":[{\"@type\":\"ListItem\",\"position\":1,\"name\":\"Portada\",\"item\":\"https:\/\/tuarteunico.com\/\"},{\"@type\":\"ListItem\",\"position\":2,\"name\":\"Home\",\"item\":\"https:\/\/tuarteunico.com\/\"},{\"@type\":\"ListItem\",\"position\":3,\"name\":\"P\u00e1jaros del Para\u00edso\"}]},{\"@type\":\"WebSite\",\"@id\":\"https:\/\/tuarteunico.com\/#website\",\"url\":\"https:\/\/tuarteunico.com\/\",\"name\":\"Tu arte unico\",\"description\":\"Venta cuadros artisticos\",\"publisher\":{\"@id\":\"https:\/\/tuarteunico.com\/#organization\"},\"potentialAction\":[{\"@type\":\"SearchAction\",\"target\":{\"@type\":\"EntryPoint\",\"urlTemplate\":\"https:\/\/tuarteunico.com\/?s={search_term_string}\"},\"query-input\":\"required name=search_term_string\"}],\"inLanguage\":\"es\"},{\"@type\":\"Organization\",\"@id\":\"https:\/\/tuarteunico.com\/#organization\",\"name\":\"Tu arte unico\",\"url\":\"https:\/\/tuarteunico.com\/\",\"logo\":{\"@type\":\"ImageObject\",\"inLanguage\":\"es\",\"@id\":\"https:\/\/tuarteunico.com\/#\/schema\/logo\/image\/\",\"url\":\"https:\/\/tuarteunico.com\/wp-content\/uploads\/2024\/04\/cropped-negro-500x300px.png\",\"contentUrl\":\"https:\/\/tuarteunico.com\/wp-content\/uploads\/2024\/04\/cropped-negro-500x300px.png\",\"width\":500,\"height\":278,\"caption\":\"Tu arte unico\"},\"image\":{\"@id\":\"https:\/\/tuarteunico.com\/#\/schema\/logo\/image\/\"}}]}<\/script>\n<!-- \/ Yoast SEO plugin. -->","yoast_head_json":{"title":"P\u00e1jaros del Para\u00edso - Tu arte unico","description":"Sobre un fondo de arco iris de tonos pastel emergen dos p\u00e1jaros tropicales con un colorido plumaje y con cuerpos calados con motivos florales como si los llevaran tatuados.","robots":{"index":"index","follow":"follow","max-snippet":"max-snippet:-1","max-image-preview":"max-image-preview:large","max-video-preview":"max-video-preview:-1"},"canonical":"https:\/\/tuarteunico.com\/index.php\/product\/pajaros-del-paraiso\/","og_locale":"es_ES","og_type":"article","og_title":"P\u00e1jaros del Para\u00edso - Tu arte unico","og_description":"Sobre un fondo de arco iris de tonos pastel emergen dos p\u00e1jaros tropicales con un colorido plumaje y con cuerpos calados con motivos florales como si los llevaran tatuados.","og_url":"https:\/\/tuarteunico.com\/index.php\/product\/pajaros-del-paraiso\/","og_site_name":"Tu arte unico","article_modified_time":"2024-04-16T21:28:09+00:00","og_image":[{"width":2513,"height":2560,"url":"https:\/\/tuarteunico.com\/wp-content\/uploads\/2024\/03\/PAJAROS-DEL-PARAISO-100-x-100cm-scaled.jpg","type":"image\/jpeg"}],"twitter_card":"summary_large_image","twitter_misc":{"Tiempo de lectura":"1 minuto"},"schema":{"@context":"https:\/\/schema.org","@graph":[{"@type":"WebPage","@id":"https:\/\/tuarteunico.com\/index.php\/product\/pajaros-del-paraiso\/","url":"https:\/\/tuarteunico.com\/index.php\/product\/pajaros-del-paraiso\/","name":"P\u00e1jaros del Para\u00edso - Tu arte unico","isPartOf":{"@id":"https:\/\/tuarteunico.com\/#website"},"primaryImageOfPage":{"@id":"https:\/\/tuarteunico.com\/index.php\/product\/pajaros-del-paraiso\/#primaryimage"},"image":{"@id":"https:\/\/tuarteunico.com\/index.php\/product\/pajaros-del-paraiso\/#primaryimage"},"thumbnailUrl":"https:\/\/tuarteunico.com\/wp-content\/uploads\/2024\/03\/PAJAROS-DEL-PARAISO-100-x-100cm-scaled.jpg","datePublished":"2024-03-17T18:25:54+00:00","dateModified":"2024-04-16T21:28:09+00:00","description":"Sobre un fondo de arco iris de tonos pastel emergen dos p\u00e1jaros tropicales con un colorido plumaje y con cuerpos calados con motivos florales como si los llevaran tatuados.","breadcrumb":{"@id":"https:\/\/tuarteunico.com\/index.php\/product\/pajaros-del-paraiso\/#breadcrumb"},"inLanguage":"es","potentialAction":[{"@type":"ReadAction","target":["https:\/\/tuarteunico.com\/index.php\/product\/pajaros-del-paraiso\/"]}]},{"@type":"ImageObject","inLanguage":"es","@id":"https:\/\/tuarteunico.com\/index.php\/product\/pajaros-del-paraiso\/#primaryimage","url":"https:\/\/tuarteunico.com\/wp-content\/uploads\/2024\/03\/PAJAROS-DEL-PARAISO-100-x-100cm-scaled.jpg","contentUrl":"https:\/\/tuarteunico.com\/wp-content\/uploads\/2024\/03\/PAJAROS-DEL-PARAISO-100-x-100cm-scaled.jpg","width":2513,"height":2560},{"@type":"BreadcrumbList","@id":"https:\/\/tuarteunico.com\/index.php\/product\/pajaros-del-paraiso\/#breadcrumb","itemListElement":[{"@type":"ListItem","position":1,"name":"Portada","item":"https:\/\/tuarteunico.com\/"},{"@type":"ListItem","position":2,"name":"Home","item":"https:\/\/tuarteunico.com\/"},{"@type":"ListItem","position":3,"name":"P\u00e1jaros del Para\u00edso"}]},{"@type":"WebSite","@id":"https:\/\/tuarteunico.com\/#website","url":"https:\/\/tuarteunico.com\/","name":"Tu arte unico","description":"Venta cuadros artisticos","publisher":{"@id":"https:\/\/tuarteunico.com\/#organization"},"potentialAction":[{"@type":"SearchAction","target":{"@type":"EntryPoint","urlTemplate":"https:\/\/tuarteunico.com\/?s={search_term_string}"},"query-input":"required name=search_term_string"}],"inLanguage":"es"},{"@type":"Organization","@id":"https:\/\/tuarteunico.com\/#organization","name":"Tu arte unico","url":"https:\/\/tuarteunico.com\/","logo":{"@type":"ImageObject","inLanguage":"es","@id":"https:\/\/tuarteunico.com\/#\/schema\/logo\/image\/","url":"https:\/\/tuarteunico.com\/wp-content\/uploads\/2024\/04\/cropped-negro-500x300px.png","contentUrl":"https:\/\/tuarteunico.com\/wp-content\/uploads\/2024\/04\/cropped-negro-500x300px.png","width":500,"height":278,"caption":"Tu arte unico"},"image":{"@id":"https:\/\/tuarteunico.com\/#\/schema\/logo\/image\/"}}]}},"_links":{"self":[{"href":"https:\/\/tuarteunico.com\/index.php\/wp-json\/wp\/v2\/product\/43"}],"collection":[{"href":"https:\/\/tuarteunico.com\/index.php\/wp-json\/wp\/v2\/product"}],"about":[{"href":"https:\/\/tuarteunico.com\/index.php\/wp-json\/wp\/v2\/types\/product"}],"replies":[{"embeddable":true,"href":"https:\/\/tuarteunico.com\/index.php\/wp-json\/wp\/v2\/comments?post=43"}],"wp:featuredmedia":[{"embeddable":true,"href":"https:\/\/tuarteunico.com\/index.php\/wp-json\/wp\/v2\/media\/32"}],"wp:attachment":[{"href":"https:\/\/tuarteunico.com\/index.php\/wp-json\/wp\/v2\/media?parent=43"}],"wp:term":[{"taxonomy":"product_cat","embeddable":true,"href":"https:\/\/tuarteunico.com\/index.php\/wp-json\/wp\/v2\/product_cat?post=43"},{"taxonomy":"product_tag","embeddable":true,"href":"https:\/\/tuarteunico.com\/index.php\/wp-json\/wp\/v2\/product_tag?post=43"}],"curies":[{"name":"wp","href":"https:\/\/api.w.org\/{rel}","templated":true}]}}