{"id":204,"date":"2024-03-22T12:51:43","date_gmt":"2024-03-22T11:51:43","guid":{"rendered":"https:\/\/tuarteunico.com\/?page_id=204"},"modified":"2024-04-22T16:56:56","modified_gmt":"2024-04-22T14:56:56","slug":"envios-y-devoluciones","status":"publish","type":"page","link":"https:\/\/tuarteunico.com\/index.php\/envios-y-devoluciones\/","title":{"rendered":"Env\u00edos y devoluciones"},"content":{"rendered":"\t\t<div data-elementor-type=\"wp-page\" data-elementor-id=\"204\" class=\"elementor elementor-204\" data-elementor-post-type=\"page\">\n\t\t\t\t<div class=\"elementor-element elementor-element-8d96858 e-flex e-con-boxed e-con e-parent\" data-id=\"8d96858\" data-element_type=\"container\">\n\t\t\t\t\t<div class=\"e-con-inner\">\n\t\t\t\t<div class=\"elementor-element elementor-element-948ba1e elementor-widget elementor-widget-text-editor\" data-id=\"948ba1e\" data-element_type=\"widget\" data-widget_type=\"text-editor.default\">\n\t\t\t\t<div class=\"elementor-widget-container\">\n\t\t\t<style>\/*! elementor - v3.21.0 - 30-04-2024 *\/\n.elementor-widget-text-editor.elementor-drop-cap-view-stacked .elementor-drop-cap{background-color:#69727d;color:#fff}.elementor-widget-text-editor.elementor-drop-cap-view-framed .elementor-drop-cap{color:#69727d;border:3px solid;background-color:transparent}.elementor-widget-text-editor:not(.elementor-drop-cap-view-default) .elementor-drop-cap{margin-top:8px}.elementor-widget-text-editor:not(.elementor-drop-cap-view-default) .elementor-drop-cap-letter{width:1em;height:1em}.elementor-widget-text-editor .elementor-drop-cap{float:left;text-align:center;line-height:1;font-size:50px}.elementor-widget-text-editor .elementor-drop-cap-letter{display:inline-block}<\/style>\t\t\t\t<p><u>POL\u00cdTICA DE ENV\u00cdOS Y DEVOLUCIONES<\/u><\/p><p><u>\u00a0<\/u><\/p><p><u>Tiempos de procesamiento de pedidos: <\/u><\/p><p>El procesamiento del pedido <strong>se atender\u00e1 en un plazo 24 horas<\/strong>, siempre atendiendo a la m\u00e1xima brevedad posible seg\u00fan el volumen de pedidos y por riguroso orden de entrada.<\/p><p><u>M\u00e9todos de env\u00edo:<\/u><\/p><p>\u00a0<\/p><p>Una vez procesado el pedido se llevar\u00e1 al cliente mediante transporte propio o subcontratado, llegando en un plazo <strong>de 1 a 5 d\u00edas laborales<\/strong>.<\/p><p>Los pedidos en S\u00e1bado o Domingo se tramitar\u00e1n el Lunes.<\/p><p>El env\u00edo se har\u00e1 con los mejores materiales de protecci\u00f3n atendiendo a las necesidades y caracter\u00edsticas de cada obra garantizando su integridad y buen estado.<\/p><p>\u00a0<\/p><p><u>Costes:<\/u><\/p><p>El coste del env\u00edo es <strong>100% gratuito<\/strong> para el cliente, siempre y cuando sea <strong>dentro de Espa\u00f1a<\/strong>.<\/p><p>Para env\u00edos al extranjero preguntar a la tienda tarifas seg\u00fan el destino y tiempo de entrega.<\/p><p>\u00a0<\/p><p><u>Seguimiento de pedidos:<\/u><\/p><p>Se informar\u00e1 por correo electr\u00f3nico por cada una de las fases por las que pasa el pedido.<\/p><p>\u00a0<\/p><p><u>Art\u00edculos da\u00f1ados o perdidos:<\/u><\/p><p>Si por motivos de transporte el cliente recibiera la obra da\u00f1ada, rota o se perdiera en el camino, el cliente enviar\u00e1 fotos del paquete externo as\u00ed como de la obra el mismo d\u00eda de recibirlo al mail <a href=\"mailto:atencion@tuarteunico.com\">atencion@tuarteunico.com<\/a>.<\/p><p>All\u00ed se le atender\u00e1 su solicitud y se le explicar\u00e1 c\u00f3mo realizar la devoluci\u00f3n de la obra y su posterior reembolso.<\/p><p>\u00a0<\/p><p><u>Impuestos aduaneros e importaci\u00f3n:<\/u><\/p><p>Cuando la direcci\u00f3n de entrega estuviera fuera de Espa\u00f1a, se informar\u00e1 al cliente sobre el coste y tiempo del env\u00edo, as\u00ed como los posibles impuestos aduaneros o de importaci\u00f3n si los hubiere.<\/p><p>\u00a0<\/p><p><u>Devoluciones:<\/u><\/p><p>No se admitir\u00e1n devoluciones relacionadas con cambio de gusto u opini\u00f3n.<\/p><p>Si la obra llegara deteriorada o rota por motivos de transporte habr\u00eda que proceder seg\u00fan lo explicado en el apartado de arriba \u201cart\u00edculos da\u00f1ados o perdidos\u201d.<\/p><p>\u00a0<\/p><p><u>Dudas o consultas:<\/u><\/p><p>Ante cualquier duda o consulta puede escribir al mail: <a href=\"mailto:contacto@tuarteunico.com\">contacto@tuarteunico.com<\/a><\/p><p>\u00a0<\/p>\t\t\t\t\t\t<\/div>\n\t\t\t\t<\/div>\n\t\t\t\t\t<\/div>\n\t\t\t\t<\/div>\n\t\t\t\t<\/div>\n\t\t","protected":false},"excerpt":{"rendered":"<p>POL\u00cdTICA DE ENV\u00cdOS Y DEVOLUCIONES \u00a0 Tiempos de procesamiento de pedidos: El procesamiento del pedido se atender\u00e1 en un plazo 24 horas, siempre atendiendo a la m\u00e1xima brevedad posible seg\u00fan el volumen de pedidos y por riguroso orden de entrada. M\u00e9todos de env\u00edo: \u00a0 Una vez procesado el pedido se llevar\u00e1 al cliente mediante transporte [&hellip;]<\/p>\n","protected":false},"author":1,"featured_media":0,"parent":0,"menu_order":0,"comment_status":"closed","ping_status":"closed","template":"","meta":{"_monsterinsights_skip_tracking":false,"_monsterinsights_sitenote_active":false,"_monsterinsights_sitenote_note":"","_monsterinsights_sitenote_category":0,"footnotes":""},"yoast_head":"<!-- This site is optimized with the Yoast SEO plugin v22.6 - https:\/\/yoast.com\/wordpress\/plugins\/seo\/ -->\n<title>Env\u00edos y devoluciones - Tu arte unico<\/title>\n<meta name=\"robots\" content=\"noindex, nofollow\" \/>\n<meta property=\"og:locale\" content=\"es_ES\" \/>\n<meta property=\"og:type\" content=\"article\" \/>\n<meta property=\"og:title\" content=\"Env\u00edos y devoluciones - Tu arte unico\" \/>\n<meta property=\"og:description\" content=\"POL\u00cdTICA DE ENV\u00cdOS Y DEVOLUCIONES \u00a0 Tiempos de procesamiento de pedidos: El procesamiento del pedido se atender\u00e1 en un plazo 24 horas, siempre atendiendo a la m\u00e1xima brevedad posible seg\u00fan el volumen de pedidos y por riguroso orden de entrada. M\u00e9todos de env\u00edo: \u00a0 Una vez procesado el pedido se llevar\u00e1 al cliente mediante transporte [&hellip;]\" \/>\n<meta property=\"og:url\" content=\"https:\/\/tuarteunico.com\/index.php\/envios-y-devoluciones\/\" \/>\n<meta property=\"og:site_name\" content=\"Tu arte unico\" \/>\n<meta property=\"article:modified_time\" content=\"2024-04-22T14:56:56+00:00\" \/>\n<meta name=\"twitter:card\" content=\"summary_large_image\" \/>\n<meta name=\"twitter:label1\" content=\"Tiempo de lectura\" \/>\n\t<meta name=\"twitter:data1\" content=\"2 minutos\" \/>\n<script type=\"application\/ld+json\" class=\"yoast-schema-graph\">{\"@context\":\"https:\/\/schema.org\",\"@graph\":[{\"@type\":\"WebPage\",\"@id\":\"https:\/\/tuarteunico.com\/index.php\/envios-y-devoluciones\/\",\"url\":\"https:\/\/tuarteunico.com\/index.php\/envios-y-devoluciones\/\",\"name\":\"Env\u00edos y devoluciones - Tu arte unico\",\"isPartOf\":{\"@id\":\"https:\/\/tuarteunico.com\/#website\"},\"datePublished\":\"2024-03-22T11:51:43+00:00\",\"dateModified\":\"2024-04-22T14:56:56+00:00\",\"breadcrumb\":{\"@id\":\"https:\/\/tuarteunico.com\/index.php\/envios-y-devoluciones\/#breadcrumb\"},\"inLanguage\":\"es\",\"potentialAction\":[{\"@type\":\"ReadAction\",\"target\":[\"https:\/\/tuarteunico.com\/index.php\/envios-y-devoluciones\/\"]}]},{\"@type\":\"BreadcrumbList\",\"@id\":\"https:\/\/tuarteunico.com\/index.php\/envios-y-devoluciones\/#breadcrumb\",\"itemListElement\":[{\"@type\":\"ListItem\",\"position\":1,\"name\":\"Portada\",\"item\":\"https:\/\/tuarteunico.com\/\"},{\"@type\":\"ListItem\",\"position\":2,\"name\":\"Env\u00edos y devoluciones\"}]},{\"@type\":\"WebSite\",\"@id\":\"https:\/\/tuarteunico.com\/#website\",\"url\":\"https:\/\/tuarteunico.com\/\",\"name\":\"Tu arte unico\",\"description\":\"Venta cuadros artisticos\",\"publisher\":{\"@id\":\"https:\/\/tuarteunico.com\/#organization\"},\"potentialAction\":[{\"@type\":\"SearchAction\",\"target\":{\"@type\":\"EntryPoint\",\"urlTemplate\":\"https:\/\/tuarteunico.com\/?s={search_term_string}\"},\"query-input\":\"required name=search_term_string\"}],\"inLanguage\":\"es\"},{\"@type\":\"Organization\",\"@id\":\"https:\/\/tuarteunico.com\/#organization\",\"name\":\"Tu arte unico\",\"url\":\"https:\/\/tuarteunico.com\/\",\"logo\":{\"@type\":\"ImageObject\",\"inLanguage\":\"es\",\"@id\":\"https:\/\/tuarteunico.com\/#\/schema\/logo\/image\/\",\"url\":\"https:\/\/tuarteunico.com\/wp-content\/uploads\/2024\/04\/cropped-negro-500x300px.png\",\"contentUrl\":\"https:\/\/tuarteunico.com\/wp-content\/uploads\/2024\/04\/cropped-negro-500x300px.png\",\"width\":500,\"height\":278,\"caption\":\"Tu arte unico\"},\"image\":{\"@id\":\"https:\/\/tuarteunico.com\/#\/schema\/logo\/image\/\"}}]}<\/script>\n<!-- \/ Yoast SEO plugin. -->","yoast_head_json":{"title":"Env\u00edos y devoluciones - Tu arte unico","robots":{"index":"noindex","follow":"nofollow"},"og_locale":"es_ES","og_type":"article","og_title":"Env\u00edos y devoluciones - Tu arte unico","og_description":"POL\u00cdTICA DE ENV\u00cdOS Y DEVOLUCIONES \u00a0 Tiempos de procesamiento de pedidos: El procesamiento del pedido se atender\u00e1 en un plazo 24 horas, siempre atendiendo a la m\u00e1xima brevedad posible seg\u00fan el volumen de pedidos y por riguroso orden de entrada. M\u00e9todos de env\u00edo: \u00a0 Una vez procesado el pedido se llevar\u00e1 al cliente mediante transporte [&hellip;]","og_url":"https:\/\/tuarteunico.com\/index.php\/envios-y-devoluciones\/","og_site_name":"Tu arte unico","article_modified_time":"2024-04-22T14:56:56+00:00","twitter_card":"summary_large_image","twitter_misc":{"Tiempo de lectura":"2 minutos"},"schema":{"@context":"https:\/\/schema.org","@graph":[{"@type":"WebPage","@id":"https:\/\/tuarteunico.com\/index.php\/envios-y-devoluciones\/","url":"https:\/\/tuarteunico.com\/index.php\/envios-y-devoluciones\/","name":"Env\u00edos y devoluciones - Tu arte unico","isPartOf":{"@id":"https:\/\/tuarteunico.com\/#website"},"datePublished":"2024-03-22T11:51:43+00:00","dateModified":"2024-04-22T14:56:56+00:00","breadcrumb":{"@id":"https:\/\/tuarteunico.com\/index.php\/envios-y-devoluciones\/#breadcrumb"},"inLanguage":"es","potentialAction":[{"@type":"ReadAction","target":["https:\/\/tuarteunico.com\/index.php\/envios-y-devoluciones\/"]}]},{"@type":"BreadcrumbList","@id":"https:\/\/tuarteunico.com\/index.php\/envios-y-devoluciones\/#breadcrumb","itemListElement":[{"@type":"ListItem","position":1,"name":"Portada","item":"https:\/\/tuarteunico.com\/"},{"@type":"ListItem","position":2,"name":"Env\u00edos y devoluciones"}]},{"@type":"WebSite","@id":"https:\/\/tuarteunico.com\/#website","url":"https:\/\/tuarteunico.com\/","name":"Tu arte unico","description":"Venta cuadros artisticos","publisher":{"@id":"https:\/\/tuarteunico.com\/#organization"},"potentialAction":[{"@type":"SearchAction","target":{"@type":"EntryPoint","urlTemplate":"https:\/\/tuarteunico.com\/?s={search_term_string}"},"query-input":"required name=search_term_string"}],"inLanguage":"es"},{"@type":"Organization","@id":"https:\/\/tuarteunico.com\/#organization","name":"Tu arte unico","url":"https:\/\/tuarteunico.com\/","logo":{"@type":"ImageObject","inLanguage":"es","@id":"https:\/\/tuarteunico.com\/#\/schema\/logo\/image\/","url":"https:\/\/tuarteunico.com\/wp-content\/uploads\/2024\/04\/cropped-negro-500x300px.png","contentUrl":"https:\/\/tuarteunico.com\/wp-content\/uploads\/2024\/04\/cropped-negro-500x300px.png","width":500,"height":278,"caption":"Tu arte unico"},"image":{"@id":"https:\/\/tuarteunico.com\/#\/schema\/logo\/image\/"}}]}},"_links":{"self":[{"href":"https:\/\/tuarteunico.com\/index.php\/wp-json\/wp\/v2\/pages\/204"}],"collection":[{"href":"https:\/\/tuarteunico.com\/index.php\/wp-json\/wp\/v2\/pages"}],"about":[{"href":"https:\/\/tuarteunico.com\/index.php\/wp-json\/wp\/v2\/types\/page"}],"author":[{"embeddable":true,"href":"https:\/\/tuarteunico.com\/index.php\/wp-json\/wp\/v2\/users\/1"}],"replies":[{"embeddable":true,"href":"https:\/\/tuarteunico.com\/index.php\/wp-json\/wp\/v2\/comments?post=204"}],"version-history":[{"count":4,"href":"https:\/\/tuarteunico.com\/index.php\/wp-json\/wp\/v2\/pages\/204\/revisions"}],"predecessor-version":[{"id":208,"href":"https:\/\/tuarteunico.com\/index.php\/wp-json\/wp\/v2\/pages\/204\/revisions\/208"}],"wp:attachment":[{"href":"https:\/\/tuarteunico.com\/index.php\/wp-json\/wp\/v2\/media?parent=204"}],"curies":[{"name":"wp","href":"https:\/\/api.w.org\/{rel}","templated":true}]}}