{"id":110,"date":"2024-03-17T23:43:01","date_gmt":"2024-03-17T22:43:01","guid":{"rendered":"https:\/\/tuarteunico.com\/?page_id=110"},"modified":"2024-04-23T21:01:51","modified_gmt":"2024-04-23T19:01:51","slug":"sobre-mi","status":"publish","type":"page","link":"https:\/\/tuarteunico.com\/index.php\/sobre-mi\/","title":{"rendered":"Sobre m\u00ed"},"content":{"rendered":"\t\t<div data-elementor-type=\"wp-page\" data-elementor-id=\"110\" class=\"elementor elementor-110\" data-elementor-post-type=\"page\">\n\t\t\t\t<div class=\"elementor-element elementor-element-f4503a1 e-flex e-con-boxed e-con e-parent\" data-id=\"f4503a1\" data-element_type=\"container\">\n\t\t\t\t\t<div class=\"e-con-inner\">\n\t\t<div class=\"elementor-element elementor-element-997b5ea e-con-full e-flex e-con e-child\" data-id=\"997b5ea\" data-element_type=\"container\">\n\t\t\t\t<div class=\"elementor-element elementor-element-acea69d elementor-widget elementor-widget-image\" data-id=\"acea69d\" data-element_type=\"widget\" data-widget_type=\"image.default\">\n\t\t\t\t<div class=\"elementor-widget-container\">\n\t\t\t<style>\/*! elementor - v3.21.0 - 30-04-2024 *\/\n.elementor-widget-image{text-align:center}.elementor-widget-image a{display:inline-block}.elementor-widget-image a img[src$=\".svg\"]{width:48px}.elementor-widget-image img{vertical-align:middle;display:inline-block}<\/style>\t\t\t\t\t\t\t\t\t\t<img fetchpriority=\"high\" decoding=\"async\" width=\"722\" height=\"1024\" src=\"https:\/\/tuarteunico.com\/wp-content\/uploads\/2024\/04\/IMG_20240423_122000-scaled-e1713898888285-722x1024.jpg\" class=\"attachment-large size-large wp-image-796\" alt=\"\" srcset=\"https:\/\/tuarteunico.com\/wp-content\/uploads\/2024\/04\/IMG_20240423_122000-scaled-e1713898888285-722x1024.jpg 722w, https:\/\/tuarteunico.com\/wp-content\/uploads\/2024\/04\/IMG_20240423_122000-scaled-e1713898888285-211x300.jpg 211w, https:\/\/tuarteunico.com\/wp-content\/uploads\/2024\/04\/IMG_20240423_122000-scaled-e1713898888285-768x1090.jpg 768w, https:\/\/tuarteunico.com\/wp-content\/uploads\/2024\/04\/IMG_20240423_122000-scaled-e1713898888285-1083x1536.jpg 1083w, https:\/\/tuarteunico.com\/wp-content\/uploads\/2024\/04\/IMG_20240423_122000-scaled-e1713898888285-600x851.jpg 600w, https:\/\/tuarteunico.com\/wp-content\/uploads\/2024\/04\/IMG_20240423_122000-scaled-e1713898888285.jpg 1440w\" sizes=\"(max-width: 722px) 100vw, 722px\" \/>\t\t\t\t\t\t\t\t\t\t\t\t\t<\/div>\n\t\t\t\t<\/div>\n\t\t\t\t<\/div>\n\t\t<div class=\"elementor-element elementor-element-7c83782 e-con-full e-flex e-con e-child\" data-id=\"7c83782\" data-element_type=\"container\">\n\t\t\t\t<div class=\"elementor-element elementor-element-1a77a3e elementor-widget elementor-widget-text-editor\" data-id=\"1a77a3e\" data-element_type=\"widget\" data-widget_type=\"text-editor.default\">\n\t\t\t\t<div class=\"elementor-widget-container\">\n\t\t\t<style>\/*! elementor - v3.21.0 - 30-04-2024 *\/\n.elementor-widget-text-editor.elementor-drop-cap-view-stacked .elementor-drop-cap{background-color:#69727d;color:#fff}.elementor-widget-text-editor.elementor-drop-cap-view-framed .elementor-drop-cap{color:#69727d;border:3px solid;background-color:transparent}.elementor-widget-text-editor:not(.elementor-drop-cap-view-default) .elementor-drop-cap{margin-top:8px}.elementor-widget-text-editor:not(.elementor-drop-cap-view-default) .elementor-drop-cap-letter{width:1em;height:1em}.elementor-widget-text-editor .elementor-drop-cap{float:left;text-align:center;line-height:1;font-size:50px}.elementor-widget-text-editor .elementor-drop-cap-letter{display:inline-block}<\/style>\t\t\t\t<p><br \/>Bienvenido a este portal web de creaci\u00f3n art\u00edstica.<\/p><p><br \/>Soy Alberto Gaudioso, pintor y artista multidisciplinar y firmo con el nombre art\u00edstico de Aureus ya que me identifico con ese material noble y prestigioso.<\/p><p><br \/>Con formaci\u00f3n en Bellas Artes y Oficios, licenciatura en Historia del Arte y M\u00e1ster en Gesti\u00f3n Cultural, busco la excelencia en todas mis creaciones.<\/p><p><br \/>Partiendo de la naturaleza, creaciones humanas y mi propia imaginaci\u00f3n, ideas y conceptos los plasmo en dibujos y posteriormente en coloridas y vivas creaciones.<\/p><p><br \/>La selecci\u00f3n del soporte, las pinturas y las t\u00e9cnicas utilizadas son cuidadosamente seleccionadas para crear un todo arm\u00f3nico, bello y elegante, obras atemporales que nunca pasan de moda y de las que siempre podr\u00e1 disfrutarlas y sentirse reconfortado.<\/p><p><br \/>Siguiendo los m\u00e1s altos est\u00e1ndares de calidad y ecol\u00f3gicos, mis pinturas tambi\u00e9n lo son escogiendo la pintura acr\u00edlica respetuosa con el medio ambiente y con las personas, as\u00ed como resinas, pigmentos, tinturas, etc. Todo ello natural, duradero y 100% seguro.<\/p><p><br \/>Desde la idea hasta la terminaci\u00f3n de la obra la implicaci\u00f3n es m\u00e1xima, buscando siempre la<br \/>excelencia y elegancia de mis creaciones, siempre pensando en los gustos de una clientela selecta y refinada, as\u00ed como satisfaciendo las necesidades m\u00e1s altas y mejorando la calidad de vida de las personas.<\/p><p><br \/>La p\u00e1gina web es din\u00e1mica, por lo que a medida que vaya concluyendo m\u00e1s obras las subir\u00e9 a la web.<\/p><p><br \/>Si hay alguna obra que le guste, no dude en comprarla en ese instante, pues solo existe esa pieza \u00fanica.<\/p><p><br \/>No deje escapar la oportunidad de tener un Aureus en su vida, s\u00edmbolo de elegancia y prestigio.<\/p><p><br \/>La obra est\u00e1 firmada por el artista en el reverso con tinta especial.<\/p><p><br \/>La compra de arte siempre es un acierto ya sea por disfrute o por inversi\u00f3n, el arte es caballo<br \/>ganador.<\/p><p><br \/>Muchas gracias a todos los visitantes de la web y en especial a los clientes que hacen posible que pueda seguir haciendo obras bellas.<\/p><p><br \/>Un afectuoso saludo<\/p>\t\t\t\t\t\t<\/div>\n\t\t\t\t<\/div>\n\t\t\t\t<\/div>\n\t\t\t\t\t<\/div>\n\t\t\t\t<\/div>\n\t\t\t\t<\/div>\n\t\t","protected":false},"excerpt":{"rendered":"<p>Bienvenido a este portal web de creaci\u00f3n art\u00edstica. Soy Alberto Gaudioso, pintor y artista multidisciplinar y firmo con el nombre art\u00edstico de Aureus ya que me identifico con ese material noble y prestigioso. Con formaci\u00f3n en Bellas Artes y Oficios, licenciatura en Historia del Arte y M\u00e1ster en Gesti\u00f3n Cultural, busco la excelencia en todas [&hellip;]<\/p>\n","protected":false},"author":1,"featured_media":0,"parent":0,"menu_order":0,"comment_status":"closed","ping_status":"closed","template":"","meta":{"_monsterinsights_skip_tracking":false,"_monsterinsights_sitenote_active":false,"_monsterinsights_sitenote_note":"","_monsterinsights_sitenote_category":0,"footnotes":""},"yoast_head":"<!-- This site is optimized with the Yoast SEO plugin v22.6 - https:\/\/yoast.com\/wordpress\/plugins\/seo\/ -->\n<title>Sobre m\u00ed - Tu arte unico<\/title>\n<meta name=\"robots\" content=\"index, follow, max-snippet:-1, max-image-preview:large, max-video-preview:-1\" \/>\n<link rel=\"canonical\" href=\"https:\/\/tuarteunico.com\/index.php\/sobre-mi\/\" \/>\n<meta property=\"og:locale\" content=\"es_ES\" \/>\n<meta property=\"og:type\" content=\"article\" \/>\n<meta property=\"og:title\" content=\"Sobre m\u00ed - Tu arte unico\" \/>\n<meta property=\"og:description\" content=\"Bienvenido a este portal web de creaci\u00f3n art\u00edstica. Soy Alberto Gaudioso, pintor y artista multidisciplinar y firmo con el nombre art\u00edstico de Aureus ya que me identifico con ese material noble y prestigioso. Con formaci\u00f3n en Bellas Artes y Oficios, licenciatura en Historia del Arte y M\u00e1ster en Gesti\u00f3n Cultural, busco la excelencia en todas [&hellip;]\" \/>\n<meta property=\"og:url\" content=\"https:\/\/tuarteunico.com\/index.php\/sobre-mi\/\" \/>\n<meta property=\"og:site_name\" content=\"Tu arte unico\" \/>\n<meta property=\"article:modified_time\" content=\"2024-04-23T19:01:51+00:00\" \/>\n<meta property=\"og:image\" content=\"https:\/\/tuarteunico.com\/wp-content\/uploads\/2024\/04\/IMG_20240423_122000-scaled-e1713898888285-722x1024.jpg\" \/>\n<meta name=\"twitter:card\" content=\"summary_large_image\" \/>\n<meta name=\"twitter:label1\" content=\"Tiempo de lectura\" \/>\n\t<meta name=\"twitter:data1\" content=\"2 minutos\" \/>\n<script type=\"application\/ld+json\" class=\"yoast-schema-graph\">{\"@context\":\"https:\/\/schema.org\",\"@graph\":[{\"@type\":\"WebPage\",\"@id\":\"https:\/\/tuarteunico.com\/index.php\/sobre-mi\/\",\"url\":\"https:\/\/tuarteunico.com\/index.php\/sobre-mi\/\",\"name\":\"Sobre m\u00ed - Tu arte unico\",\"isPartOf\":{\"@id\":\"https:\/\/tuarteunico.com\/#website\"},\"primaryImageOfPage\":{\"@id\":\"https:\/\/tuarteunico.com\/index.php\/sobre-mi\/#primaryimage\"},\"image\":{\"@id\":\"https:\/\/tuarteunico.com\/index.php\/sobre-mi\/#primaryimage\"},\"thumbnailUrl\":\"https:\/\/tuarteunico.com\/wp-content\/uploads\/2024\/04\/IMG_20240423_122000-scaled-e1713898888285-722x1024.jpg\",\"datePublished\":\"2024-03-17T22:43:01+00:00\",\"dateModified\":\"2024-04-23T19:01:51+00:00\",\"breadcrumb\":{\"@id\":\"https:\/\/tuarteunico.com\/index.php\/sobre-mi\/#breadcrumb\"},\"inLanguage\":\"es\",\"potentialAction\":[{\"@type\":\"ReadAction\",\"target\":[\"https:\/\/tuarteunico.com\/index.php\/sobre-mi\/\"]}]},{\"@type\":\"ImageObject\",\"inLanguage\":\"es\",\"@id\":\"https:\/\/tuarteunico.com\/index.php\/sobre-mi\/#primaryimage\",\"url\":\"https:\/\/tuarteunico.com\/wp-content\/uploads\/2024\/04\/IMG_20240423_122000-scaled-e1713898888285.jpg\",\"contentUrl\":\"https:\/\/tuarteunico.com\/wp-content\/uploads\/2024\/04\/IMG_20240423_122000-scaled-e1713898888285.jpg\",\"width\":1440,\"height\":2043},{\"@type\":\"BreadcrumbList\",\"@id\":\"https:\/\/tuarteunico.com\/index.php\/sobre-mi\/#breadcrumb\",\"itemListElement\":[{\"@type\":\"ListItem\",\"position\":1,\"name\":\"Portada\",\"item\":\"https:\/\/tuarteunico.com\/\"},{\"@type\":\"ListItem\",\"position\":2,\"name\":\"Sobre m\u00ed\"}]},{\"@type\":\"WebSite\",\"@id\":\"https:\/\/tuarteunico.com\/#website\",\"url\":\"https:\/\/tuarteunico.com\/\",\"name\":\"Tu arte unico\",\"description\":\"Venta cuadros artisticos\",\"publisher\":{\"@id\":\"https:\/\/tuarteunico.com\/#organization\"},\"potentialAction\":[{\"@type\":\"SearchAction\",\"target\":{\"@type\":\"EntryPoint\",\"urlTemplate\":\"https:\/\/tuarteunico.com\/?s={search_term_string}\"},\"query-input\":\"required name=search_term_string\"}],\"inLanguage\":\"es\"},{\"@type\":\"Organization\",\"@id\":\"https:\/\/tuarteunico.com\/#organization\",\"name\":\"Tu arte unico\",\"url\":\"https:\/\/tuarteunico.com\/\",\"logo\":{\"@type\":\"ImageObject\",\"inLanguage\":\"es\",\"@id\":\"https:\/\/tuarteunico.com\/#\/schema\/logo\/image\/\",\"url\":\"https:\/\/tuarteunico.com\/wp-content\/uploads\/2024\/04\/cropped-negro-500x300px.png\",\"contentUrl\":\"https:\/\/tuarteunico.com\/wp-content\/uploads\/2024\/04\/cropped-negro-500x300px.png\",\"width\":500,\"height\":278,\"caption\":\"Tu arte unico\"},\"image\":{\"@id\":\"https:\/\/tuarteunico.com\/#\/schema\/logo\/image\/\"}}]}<\/script>\n<!-- \/ Yoast SEO plugin. -->","yoast_head_json":{"title":"Sobre m\u00ed - Tu arte unico","robots":{"index":"index","follow":"follow","max-snippet":"max-snippet:-1","max-image-preview":"max-image-preview:large","max-video-preview":"max-video-preview:-1"},"canonical":"https:\/\/tuarteunico.com\/index.php\/sobre-mi\/","og_locale":"es_ES","og_type":"article","og_title":"Sobre m\u00ed - Tu arte unico","og_description":"Bienvenido a este portal web de creaci\u00f3n art\u00edstica. Soy Alberto Gaudioso, pintor y artista multidisciplinar y firmo con el nombre art\u00edstico de Aureus ya que me identifico con ese material noble y prestigioso. Con formaci\u00f3n en Bellas Artes y Oficios, licenciatura en Historia del Arte y M\u00e1ster en Gesti\u00f3n Cultural, busco la excelencia en todas [&hellip;]","og_url":"https:\/\/tuarteunico.com\/index.php\/sobre-mi\/","og_site_name":"Tu arte unico","article_modified_time":"2024-04-23T19:01:51+00:00","og_image":[{"url":"https:\/\/tuarteunico.com\/wp-content\/uploads\/2024\/04\/IMG_20240423_122000-scaled-e1713898888285-722x1024.jpg"}],"twitter_card":"summary_large_image","twitter_misc":{"Tiempo de lectura":"2 minutos"},"schema":{"@context":"https:\/\/schema.org","@graph":[{"@type":"WebPage","@id":"https:\/\/tuarteunico.com\/index.php\/sobre-mi\/","url":"https:\/\/tuarteunico.com\/index.php\/sobre-mi\/","name":"Sobre m\u00ed - Tu arte unico","isPartOf":{"@id":"https:\/\/tuarteunico.com\/#website"},"primaryImageOfPage":{"@id":"https:\/\/tuarteunico.com\/index.php\/sobre-mi\/#primaryimage"},"image":{"@id":"https:\/\/tuarteunico.com\/index.php\/sobre-mi\/#primaryimage"},"thumbnailUrl":"https:\/\/tuarteunico.com\/wp-content\/uploads\/2024\/04\/IMG_20240423_122000-scaled-e1713898888285-722x1024.jpg","datePublished":"2024-03-17T22:43:01+00:00","dateModified":"2024-04-23T19:01:51+00:00","breadcrumb":{"@id":"https:\/\/tuarteunico.com\/index.php\/sobre-mi\/#breadcrumb"},"inLanguage":"es","potentialAction":[{"@type":"ReadAction","target":["https:\/\/tuarteunico.com\/index.php\/sobre-mi\/"]}]},{"@type":"ImageObject","inLanguage":"es","@id":"https:\/\/tuarteunico.com\/index.php\/sobre-mi\/#primaryimage","url":"https:\/\/tuarteunico.com\/wp-content\/uploads\/2024\/04\/IMG_20240423_122000-scaled-e1713898888285.jpg","contentUrl":"https:\/\/tuarteunico.com\/wp-content\/uploads\/2024\/04\/IMG_20240423_122000-scaled-e1713898888285.jpg","width":1440,"height":2043},{"@type":"BreadcrumbList","@id":"https:\/\/tuarteunico.com\/index.php\/sobre-mi\/#breadcrumb","itemListElement":[{"@type":"ListItem","position":1,"name":"Portada","item":"https:\/\/tuarteunico.com\/"},{"@type":"ListItem","position":2,"name":"Sobre m\u00ed"}]},{"@type":"WebSite","@id":"https:\/\/tuarteunico.com\/#website","url":"https:\/\/tuarteunico.com\/","name":"Tu arte unico","description":"Venta cuadros artisticos","publisher":{"@id":"https:\/\/tuarteunico.com\/#organization"},"potentialAction":[{"@type":"SearchAction","target":{"@type":"EntryPoint","urlTemplate":"https:\/\/tuarteunico.com\/?s={search_term_string}"},"query-input":"required name=search_term_string"}],"inLanguage":"es"},{"@type":"Organization","@id":"https:\/\/tuarteunico.com\/#organization","name":"Tu arte unico","url":"https:\/\/tuarteunico.com\/","logo":{"@type":"ImageObject","inLanguage":"es","@id":"https:\/\/tuarteunico.com\/#\/schema\/logo\/image\/","url":"https:\/\/tuarteunico.com\/wp-content\/uploads\/2024\/04\/cropped-negro-500x300px.png","contentUrl":"https:\/\/tuarteunico.com\/wp-content\/uploads\/2024\/04\/cropped-negro-500x300px.png","width":500,"height":278,"caption":"Tu arte unico"},"image":{"@id":"https:\/\/tuarteunico.com\/#\/schema\/logo\/image\/"}}]}},"_links":{"self":[{"href":"https:\/\/tuarteunico.com\/index.php\/wp-json\/wp\/v2\/pages\/110"}],"collection":[{"href":"https:\/\/tuarteunico.com\/index.php\/wp-json\/wp\/v2\/pages"}],"about":[{"href":"https:\/\/tuarteunico.com\/index.php\/wp-json\/wp\/v2\/types\/page"}],"author":[{"embeddable":true,"href":"https:\/\/tuarteunico.com\/index.php\/wp-json\/wp\/v2\/users\/1"}],"replies":[{"embeddable":true,"href":"https:\/\/tuarteunico.com\/index.php\/wp-json\/wp\/v2\/comments?post=110"}],"version-history":[{"count":7,"href":"https:\/\/tuarteunico.com\/index.php\/wp-json\/wp\/v2\/pages\/110\/revisions"}],"predecessor-version":[{"id":799,"href":"https:\/\/tuarteunico.com\/index.php\/wp-json\/wp\/v2\/pages\/110\/revisions\/799"}],"wp:attachment":[{"href":"https:\/\/tuarteunico.com\/index.php\/wp-json\/wp\/v2\/media?parent=110"}],"curies":[{"name":"wp","href":"https:\/\/api.w.org\/{rel}","templated":true}]}}